{"id":18108,"date":"2022-01-13T19:13:00","date_gmt":"2022-01-13T19:13:00","guid":{"rendered":"https:\/\/vringenieria.com\/electrical-automation-division\/industrial-instrumentation\/"},"modified":"2025-05-29T20:33:33","modified_gmt":"2025-05-29T20:33:33","slug":"industrial-instrumentation","status":"publish","type":"page","link":"https:\/\/vringenieria.com\/en\/electrical-automation-division\/industrial-instrumentation\/","title":{"rendered":"Industrial instrumentation"},"content":{"rendered":"\t\t<div data-elementor-type=\"wp-page\" data-elementor-id=\"18108\" class=\"elementor elementor-18108 elementor-4290\" data-elementor-post-type=\"page\">\n\t\t\t\t<div class=\"elementor-element elementor-element-3de62e3 e-con-full e-flex jltma-glass-effect-no elementor-invisible e-con e-parent\" data-id=\"3de62e3\" data-element_type=\"container\" data-e-type=\"container\" data-settings=\"{&quot;background_background&quot;:&quot;classic&quot;,&quot;animation&quot;:&quot;fadeIn&quot;,&quot;shape_divider_bottom&quot;:&quot;triangle-asymmetrical&quot;,&quot;shape_divider_bottom_negative&quot;:&quot;yes&quot;,&quot;background_motion_fx_motion_fx_scrolling&quot;:&quot;yes&quot;,&quot;background_motion_fx_scale_effect&quot;:&quot;yes&quot;,&quot;background_motion_fx_scale_direction&quot;:&quot;out-in&quot;,&quot;background_motion_fx_scale_speed&quot;:{&quot;unit&quot;:&quot;px&quot;,&quot;size&quot;:4,&quot;sizes&quot;:[]},&quot;background_motion_fx_scale_range&quot;:{&quot;unit&quot;:&quot;%&quot;,&quot;size&quot;:&quot;&quot;,&quot;sizes&quot;:{&quot;start&quot;:20,&quot;end&quot;:80}},&quot;background_motion_fx_devices&quot;:[&quot;desktop&quot;,&quot;tablet&quot;,&quot;mobile&quot;]}\">\n\t\t\t\t<div class=\"elementor-shape elementor-shape-bottom\" aria-hidden=\"true\" data-negative=\"true\">\n\t\t\t<svg xmlns=\"http:\/\/www.w3.org\/2000\/svg\" viewBox=\"0 0 1000 100\" preserveAspectRatio=\"none\">\n\t<path class=\"elementor-shape-fill\" d=\"M737.9,94.7L0,0v100h1000V0L737.9,94.7z\"\/>\n<\/svg>\t\t<\/div>\n\t\t<div class=\"elementor-element elementor-element-dd261ac e-con-full e-flex jltma-glass-effect-no e-con e-child\" data-id=\"dd261ac\" data-element_type=\"container\" data-e-type=\"container\" data-settings=\"{&quot;background_background&quot;:&quot;classic&quot;}\">\n\t\t\t\t<div class=\"elementor-element elementor-element-7472ab2 jltma-glass-effect-no elementor-widget elementor-widget-heading\" data-id=\"7472ab2\" data-element_type=\"widget\" data-e-type=\"widget\" data-widget_type=\"heading.default\">\n\t\t\t\t<div class=\"elementor-widget-container\">\n\t\t\t\t\t<h1 class=\"elementor-heading-title elementor-size-default\">Industrial Instrumentation<\/h1>\t\t\t\t<\/div>\n\t\t\t\t<\/div>\n\t\t\t\t<div class=\"elementor-element elementor-element-9c881a7 elementor-widget-divider--view-line jltma-glass-effect-no elementor-widget elementor-widget-divider\" data-id=\"9c881a7\" data-element_type=\"widget\" data-e-type=\"widget\" data-widget_type=\"divider.default\">\n\t\t\t\t<div class=\"elementor-widget-container\">\n\t\t\t\t\t\t\t<div class=\"elementor-divider\">\n\t\t\t<span class=\"elementor-divider-separator\">\n\t\t\t\t\t\t<\/span>\n\t\t<\/div>\n\t\t\t\t\t\t<\/div>\n\t\t\t\t<\/div>\n\t\t\t\t<\/div>\n\t\t\t\t<\/div>\n\t\t<div class=\"elementor-element elementor-element-bec2c0a e-con-full e-flex jltma-glass-effect-no e-con e-parent\" data-id=\"bec2c0a\" data-element_type=\"container\" data-e-type=\"container\" data-settings=\"{&quot;background_background&quot;:&quot;classic&quot;}\">\n\t\t<div class=\"elementor-element elementor-element-9aad6e7 e-con-full e-flex jltma-glass-effect-no e-con e-child\" data-id=\"9aad6e7\" data-element_type=\"container\" data-e-type=\"container\">\n\t\t\t\t<div class=\"elementor-element elementor-element-5b4b50f jltma-glass-effect-no elementor-widget elementor-widget-text-editor\" data-id=\"5b4b50f\" data-element_type=\"widget\" data-e-type=\"widget\" data-widget_type=\"text-editor.default\">\n\t\t\t\t<div class=\"elementor-widget-container\">\n\t\t\t\t\t\t\t\t\t<pre class=\"wp-block-code\"><code><nav aria-label=\"breadcrumbs\" class=\"rank-math-breadcrumb\"><p><span class=\"last\">Home<\/span><\/p><\/nav><\/code><\/pre>\t\t\t\t\t\t\t\t<\/div>\n\t\t\t\t<\/div>\n\t\t\t\t<div class=\"elementor-element elementor-element-f407ac6 jltma-glass-effect-no elementor-widget elementor-widget-heading\" data-id=\"f407ac6\" data-element_type=\"widget\" data-e-type=\"widget\" data-widget_type=\"heading.default\">\n\t\t\t\t<div class=\"elementor-widget-container\">\n\t\t\t\t\t<h1 class=\"elementor-heading-title elementor-size-large\">Industrial instrumentation<\/h1>\t\t\t\t<\/div>\n\t\t\t\t<\/div>\n\t\t\t\t<div class=\"elementor-element elementor-element-29ee430 elementor-widget-divider--view-line jltma-glass-effect-no elementor-widget elementor-widget-divider\" data-id=\"29ee430\" data-element_type=\"widget\" data-e-type=\"widget\" data-widget_type=\"divider.default\">\n\t\t\t\t<div class=\"elementor-widget-container\">\n\t\t\t\t\t\t\t<div class=\"elementor-divider\">\n\t\t\t<span class=\"elementor-divider-separator\">\n\t\t\t\t\t\t<\/span>\n\t\t<\/div>\n\t\t\t\t\t\t<\/div>\n\t\t\t\t<\/div>\n\t\t\t\t<div class=\"elementor-element elementor-element-22adb5f elementor-widget__width-inherit jltma-glass-effect-no elementor-widget elementor-widget-text-editor\" data-id=\"22adb5f\" data-element_type=\"widget\" data-e-type=\"widget\" data-widget_type=\"text-editor.default\">\n\t\t\t\t<div class=\"elementor-widget-container\">\n\t\t\t\t\t\t\t\t\t<p>In the instrumentation specialty, we have forged strategic alliances with the world&#8217;s leading manufacturers in order to integrate into our projects the final measurement and control elements, selecting for each process the brand, technology, materials and specific characteristics, so as to ensure optimum performance at the best possible cost.<br>We have an ideal team that integrally designs, configures, installs, tests and commissions the instrumentation systems for each project.<\/p>\t\t\t\t\t\t\t\t<\/div>\n\t\t\t\t<\/div>\n\t\t\t\t<div class=\"elementor-element elementor-element-989c8f2 jltma-glass-effect-no elementor-widget elementor-widget-heading\" data-id=\"989c8f2\" data-element_type=\"widget\" data-e-type=\"widget\" data-widget_type=\"heading.default\">\n\t\t\t\t<div class=\"elementor-widget-container\">\n\t\t\t\t\t<h2 class=\"elementor-heading-title elementor-size-large\">Electrical instrumentation for industrial equipament<\/h2>\t\t\t\t<\/div>\n\t\t\t\t<\/div>\n\t\t\t\t<div class=\"elementor-element elementor-element-4219c7f elementor-widget__width-inherit jltma-glass-effect-no elementor-widget elementor-widget-text-editor\" data-id=\"4219c7f\" data-element_type=\"widget\" data-e-type=\"widget\" data-widget_type=\"text-editor.default\">\n\t\t\t\t<div class=\"elementor-widget-container\">\n\t\t\t\t\t\t\t\t\t<p>We have qualified personnel in industrial instrumentation. We make calculations and make the selection of each instrument based on experience and knowledge, thus guaranteeing the reliability of the measurement.<br>We carry out the detailed engineering for all stages of the project: design, assembly, FAT (Factory acceptance test), SAT (site acceptance test), commissioning and training.<br>We integrate the instrumentation to PLC or DCS directly or with Foundation Fieldbus, Hart or Profibus PA communication protocols.<br>OEM (original equipment manufacturer) type agreements with instrument factories and the selection of the technologies and characteristics of each brand that are suitable for each application, means that we can supply solutions adapted to the needs of each process with the best price.<\/p>\t\t\t\t\t\t\t\t<\/div>\n\t\t\t\t<\/div>\n\t\t\t\t<\/div>\n\t\t\t\t<\/div>\n\t\t<div class=\"elementor-element elementor-element-ed75a06 e-con-full e-flex jltma-glass-effect-no e-con e-parent\" data-id=\"ed75a06\" data-element_type=\"container\" data-e-type=\"container\" data-settings=\"{&quot;background_background&quot;:&quot;classic&quot;}\">\n\t\t<div class=\"elementor-element elementor-element-00b9655 e-con-full e-flex jltma-glass-effect-no e-con e-child\" data-id=\"00b9655\" data-element_type=\"container\" data-e-type=\"container\">\n\t\t\t\t<div class=\"elementor-element elementor-element-c708ba5 jltma-glass-effect-no elementor-widget elementor-widget-gallery\" data-id=\"c708ba5\" data-element_type=\"widget\" data-e-type=\"widget\" data-settings=\"{&quot;lazyload&quot;:&quot;yes&quot;,&quot;gallery_layout&quot;:&quot;grid&quot;,&quot;columns&quot;:4,&quot;columns_tablet&quot;:2,&quot;columns_mobile&quot;:1,&quot;gap&quot;:{&quot;unit&quot;:&quot;px&quot;,&quot;size&quot;:10,&quot;sizes&quot;:[]},&quot;gap_tablet&quot;:{&quot;unit&quot;:&quot;px&quot;,&quot;size&quot;:10,&quot;sizes&quot;:[]},&quot;gap_mobile&quot;:{&quot;unit&quot;:&quot;px&quot;,&quot;size&quot;:10,&quot;sizes&quot;:[]},&quot;link_to&quot;:&quot;file&quot;,&quot;aspect_ratio&quot;:&quot;3:2&quot;,&quot;overlay_background&quot;:&quot;yes&quot;,&quot;content_hover_animation&quot;:&quot;fade-in&quot;}\" data-widget_type=\"gallery.default\">\n\t\t\t\t<div class=\"elementor-widget-container\">\n\t\t\t\t\t\t\t<div class=\"elementor-gallery__container\">\n\t\t\t\t\t\t\t<a class=\"e-gallery-item elementor-gallery-item elementor-animated-content\" href=\"https:\/\/vringenieria.com\/wp-content\/uploads\/2022\/10\/instrumentacion-industrial-vringenieria-01.jpg\" data-elementor-open-lightbox=\"yes\" data-elementor-lightbox-slideshow=\"c708ba5\" data-elementor-lightbox-title=\"VR ingenier\u00eda Mercadeo SAS\" data-elementor-lightbox-description=\"Divisi\u00f3n El\u00e9ctrica &amp; Automatizaci\u00f3n \" data-e-action-hash=\"#elementor-action%3Aaction%3Dlightbox%26settings%3DeyJpZCI6MTY4NTQsInVybCI6Imh0dHBzOlwvXC92cmluZ2VuaWVyaWEuY29tXC93cC1jb250ZW50XC91cGxvYWRzXC8yMDIyXC8xMFwvaW5zdHJ1bWVudGFjaW9uLWluZHVzdHJpYWwtdnJpbmdlbmllcmlhLTAxLmpwZyIsInNsaWRlc2hvdyI6ImM3MDhiYTUifQ%3D%3D\">\n\t\t\t\t\t<div class=\"e-gallery-image elementor-gallery-item__image\" data-thumbnail=\"https:\/\/vringenieria.com\/wp-content\/uploads\/2022\/10\/instrumentacion-industrial-vringenieria-01-300x225.jpg\" data-width=\"300\" data-height=\"225\" aria-label=\"\" role=\"img\" ><\/div>\n\t\t\t\t\t\t\t\t\t\t\t<div class=\"elementor-gallery-item__overlay\"><\/div>\n\t\t\t\t\t\t\t\t\t\t\t\t\t\t<\/a>\n\t\t\t\t\t\t\t<a class=\"e-gallery-item elementor-gallery-item elementor-animated-content\" href=\"https:\/\/vringenieria.com\/wp-content\/uploads\/2022\/10\/instrumentacion-industrial-vringenieria-02.jpg\" data-elementor-open-lightbox=\"yes\" data-elementor-lightbox-slideshow=\"c708ba5\" data-elementor-lightbox-title=\"VR ingenier\u00eda Mercadeo SAS\" data-elementor-lightbox-description=\"Divisi\u00f3n El\u00e9ctrica &amp; Automatizaci\u00f3n \" data-e-action-hash=\"#elementor-action%3Aaction%3Dlightbox%26settings%3DeyJpZCI6MTY4NTUsInVybCI6Imh0dHBzOlwvXC92cmluZ2VuaWVyaWEuY29tXC93cC1jb250ZW50XC91cGxvYWRzXC8yMDIyXC8xMFwvaW5zdHJ1bWVudGFjaW9uLWluZHVzdHJpYWwtdnJpbmdlbmllcmlhLTAyLmpwZyIsInNsaWRlc2hvdyI6ImM3MDhiYTUifQ%3D%3D\">\n\t\t\t\t\t<div class=\"e-gallery-image elementor-gallery-item__image\" data-thumbnail=\"https:\/\/vringenieria.com\/wp-content\/uploads\/2022\/10\/instrumentacion-industrial-vringenieria-02-300x225.jpg\" data-width=\"300\" data-height=\"225\" aria-label=\"\" role=\"img\" ><\/div>\n\t\t\t\t\t\t\t\t\t\t\t<div class=\"elementor-gallery-item__overlay\"><\/div>\n\t\t\t\t\t\t\t\t\t\t\t\t\t\t<\/a>\n\t\t\t\t\t\t\t<a class=\"e-gallery-item elementor-gallery-item elementor-animated-content\" href=\"https:\/\/vringenieria.com\/wp-content\/uploads\/2022\/10\/instrumentacion-industrial-vringenieria-03.jpg\" data-elementor-open-lightbox=\"yes\" data-elementor-lightbox-slideshow=\"c708ba5\" data-elementor-lightbox-title=\"VR ingenier\u00eda Mercadeo SAS\" data-elementor-lightbox-description=\"Divisi\u00f3n El\u00e9ctrica &amp; Automatizaci\u00f3n \" data-e-action-hash=\"#elementor-action%3Aaction%3Dlightbox%26settings%3DeyJpZCI6MTY4NTYsInVybCI6Imh0dHBzOlwvXC92cmluZ2VuaWVyaWEuY29tXC93cC1jb250ZW50XC91cGxvYWRzXC8yMDIyXC8xMFwvaW5zdHJ1bWVudGFjaW9uLWluZHVzdHJpYWwtdnJpbmdlbmllcmlhLTAzLmpwZyIsInNsaWRlc2hvdyI6ImM3MDhiYTUifQ%3D%3D\">\n\t\t\t\t\t<div class=\"e-gallery-image elementor-gallery-item__image\" data-thumbnail=\"https:\/\/vringenieria.com\/wp-content\/uploads\/2022\/10\/instrumentacion-industrial-vringenieria-03-300x225.jpg\" data-width=\"300\" data-height=\"225\" aria-label=\"\" role=\"img\" ><\/div>\n\t\t\t\t\t\t\t\t\t\t\t<div class=\"elementor-gallery-item__overlay\"><\/div>\n\t\t\t\t\t\t\t\t\t\t\t\t\t\t<\/a>\n\t\t\t\t\t\t\t<a class=\"e-gallery-item elementor-gallery-item elementor-animated-content\" href=\"https:\/\/vringenieria.com\/wp-content\/uploads\/2022\/10\/instrumentacion-industrial-vringenieria-04.jpg\" data-elementor-open-lightbox=\"yes\" data-elementor-lightbox-slideshow=\"c708ba5\" data-elementor-lightbox-title=\"VR ingenier\u00eda Mercadeo SAS\" data-elementor-lightbox-description=\"Divisi\u00f3n El\u00e9ctrica &amp; Automatizaci\u00f3n \" data-e-action-hash=\"#elementor-action%3Aaction%3Dlightbox%26settings%3DeyJpZCI6MTY4NTcsInVybCI6Imh0dHBzOlwvXC92cmluZ2VuaWVyaWEuY29tXC93cC1jb250ZW50XC91cGxvYWRzXC8yMDIyXC8xMFwvaW5zdHJ1bWVudGFjaW9uLWluZHVzdHJpYWwtdnJpbmdlbmllcmlhLTA0LmpwZyIsInNsaWRlc2hvdyI6ImM3MDhiYTUifQ%3D%3D\">\n\t\t\t\t\t<div class=\"e-gallery-image elementor-gallery-item__image\" data-thumbnail=\"https:\/\/vringenieria.com\/wp-content\/uploads\/2022\/10\/instrumentacion-industrial-vringenieria-04-300x225.jpg\" data-width=\"300\" data-height=\"225\" aria-label=\"\" role=\"img\" ><\/div>\n\t\t\t\t\t\t\t\t\t\t\t<div class=\"elementor-gallery-item__overlay\"><\/div>\n\t\t\t\t\t\t\t\t\t\t\t\t\t\t<\/a>\n\t\t\t\t\t\t\t<a class=\"e-gallery-item elementor-gallery-item elementor-animated-content\" href=\"https:\/\/vringenieria.com\/wp-content\/uploads\/2022\/10\/instrumentacion-industrial-vringenieria-05.jpg\" data-elementor-open-lightbox=\"yes\" data-elementor-lightbox-slideshow=\"c708ba5\" data-elementor-lightbox-title=\"VR ingenier\u00eda Mercadeo SAS\" data-elementor-lightbox-description=\"Divisi\u00f3n El\u00e9ctrica &amp; Automatizaci\u00f3n \" data-e-action-hash=\"#elementor-action%3Aaction%3Dlightbox%26settings%3DeyJpZCI6MTY4NTgsInVybCI6Imh0dHBzOlwvXC92cmluZ2VuaWVyaWEuY29tXC93cC1jb250ZW50XC91cGxvYWRzXC8yMDIyXC8xMFwvaW5zdHJ1bWVudGFjaW9uLWluZHVzdHJpYWwtdnJpbmdlbmllcmlhLTA1LmpwZyIsInNsaWRlc2hvdyI6ImM3MDhiYTUifQ%3D%3D\">\n\t\t\t\t\t<div class=\"e-gallery-image elementor-gallery-item__image\" data-thumbnail=\"https:\/\/vringenieria.com\/wp-content\/uploads\/2022\/10\/instrumentacion-industrial-vringenieria-05-300x225.jpg\" data-width=\"300\" data-height=\"225\" aria-label=\"\" role=\"img\" ><\/div>\n\t\t\t\t\t\t\t\t\t\t\t<div class=\"elementor-gallery-item__overlay\"><\/div>\n\t\t\t\t\t\t\t\t\t\t\t\t\t\t<\/a>\n\t\t\t\t\t\t\t<a class=\"e-gallery-item elementor-gallery-item elementor-animated-content\" href=\"https:\/\/vringenieria.com\/wp-content\/uploads\/2022\/10\/instrumentacion-industrial-vringenieria-06.jpg\" data-elementor-open-lightbox=\"yes\" data-elementor-lightbox-slideshow=\"c708ba5\" data-elementor-lightbox-title=\"VR ingenier\u00eda Mercadeo SAS\" data-elementor-lightbox-description=\"Divisi\u00f3n El\u00e9ctrica &amp; Automatizaci\u00f3n \" data-e-action-hash=\"#elementor-action%3Aaction%3Dlightbox%26settings%3DeyJpZCI6MTY4NTksInVybCI6Imh0dHBzOlwvXC92cmluZ2VuaWVyaWEuY29tXC93cC1jb250ZW50XC91cGxvYWRzXC8yMDIyXC8xMFwvaW5zdHJ1bWVudGFjaW9uLWluZHVzdHJpYWwtdnJpbmdlbmllcmlhLTA2LmpwZyIsInNsaWRlc2hvdyI6ImM3MDhiYTUifQ%3D%3D\">\n\t\t\t\t\t<div class=\"e-gallery-image elementor-gallery-item__image\" data-thumbnail=\"https:\/\/vringenieria.com\/wp-content\/uploads\/2022\/10\/instrumentacion-industrial-vringenieria-06-300x225.jpg\" data-width=\"300\" data-height=\"225\" aria-label=\"\" role=\"img\" ><\/div>\n\t\t\t\t\t\t\t\t\t\t\t<div class=\"elementor-gallery-item__overlay\"><\/div>\n\t\t\t\t\t\t\t\t\t\t\t\t\t\t<\/a>\n\t\t\t\t\t\t\t<a class=\"e-gallery-item elementor-gallery-item elementor-animated-content\" href=\"https:\/\/vringenieria.com\/wp-content\/uploads\/2022\/10\/instrumentacion-industrial-vringenieria-07.jpg\" data-elementor-open-lightbox=\"yes\" data-elementor-lightbox-slideshow=\"c708ba5\" data-elementor-lightbox-title=\"VR ingenier\u00eda Mercadeo SAS\" data-elementor-lightbox-description=\"Divisi\u00f3n El\u00e9ctrica &amp; Automatizaci\u00f3n \" data-e-action-hash=\"#elementor-action%3Aaction%3Dlightbox%26settings%3DeyJpZCI6MTY4NjAsInVybCI6Imh0dHBzOlwvXC92cmluZ2VuaWVyaWEuY29tXC93cC1jb250ZW50XC91cGxvYWRzXC8yMDIyXC8xMFwvaW5zdHJ1bWVudGFjaW9uLWluZHVzdHJpYWwtdnJpbmdlbmllcmlhLTA3LmpwZyIsInNsaWRlc2hvdyI6ImM3MDhiYTUifQ%3D%3D\">\n\t\t\t\t\t<div class=\"e-gallery-image elementor-gallery-item__image\" data-thumbnail=\"https:\/\/vringenieria.com\/wp-content\/uploads\/2022\/10\/instrumentacion-industrial-vringenieria-07-300x225.jpg\" data-width=\"300\" data-height=\"225\" aria-label=\"\" role=\"img\" ><\/div>\n\t\t\t\t\t\t\t\t\t\t\t<div class=\"elementor-gallery-item__overlay\"><\/div>\n\t\t\t\t\t\t\t\t\t\t\t\t\t\t<\/a>\n\t\t\t\t\t\t\t<a class=\"e-gallery-item elementor-gallery-item elementor-animated-content\" href=\"https:\/\/vringenieria.com\/wp-content\/uploads\/2022\/10\/instrumentacion-industrial-vringenieria-08.jpg\" data-elementor-open-lightbox=\"yes\" data-elementor-lightbox-slideshow=\"c708ba5\" data-elementor-lightbox-title=\"VR ingenier\u00eda Mercadeo SAS\" data-elementor-lightbox-description=\"Divisi\u00f3n El\u00e9ctrica &amp; Automatizaci\u00f3n \" data-e-action-hash=\"#elementor-action%3Aaction%3Dlightbox%26settings%3DeyJpZCI6MTY4NjEsInVybCI6Imh0dHBzOlwvXC92cmluZ2VuaWVyaWEuY29tXC93cC1jb250ZW50XC91cGxvYWRzXC8yMDIyXC8xMFwvaW5zdHJ1bWVudGFjaW9uLWluZHVzdHJpYWwtdnJpbmdlbmllcmlhLTA4LmpwZyIsInNsaWRlc2hvdyI6ImM3MDhiYTUifQ%3D%3D\">\n\t\t\t\t\t<div class=\"e-gallery-image elementor-gallery-item__image\" data-thumbnail=\"https:\/\/vringenieria.com\/wp-content\/uploads\/2022\/10\/instrumentacion-industrial-vringenieria-08-300x225.jpg\" data-width=\"300\" data-height=\"225\" aria-label=\"\" role=\"img\" ><\/div>\n\t\t\t\t\t\t\t\t\t\t\t<div class=\"elementor-gallery-item__overlay\"><\/div>\n\t\t\t\t\t\t\t\t\t\t\t\t\t\t<\/a>\n\t\t\t\t\t<\/div>\n\t\t\t\t\t<\/div>\n\t\t\t\t<\/div>\n\t\t\t\t<\/div>\n\t\t\t\t<\/div>\n\t\t<div class=\"elementor-element elementor-element-0b1fa5d e-con-full Contacto e-flex jltma-glass-effect-no e-con e-parent\" data-id=\"0b1fa5d\" data-element_type=\"container\" data-e-type=\"container\" data-settings=\"{&quot;background_background&quot;:&quot;gradient&quot;}\">\n\t\t<div class=\"elementor-element elementor-element-53055d9 e-con-full e-flex jltma-glass-effect-no e-con e-child\" data-id=\"53055d9\" data-element_type=\"container\" data-e-type=\"container\">\n\t\t<div class=\"elementor-element elementor-element-692ae9a e-con-full e-flex jltma-glass-effect-no elementor-invisible e-con e-child\" data-id=\"692ae9a\" data-element_type=\"container\" data-e-type=\"container\" data-settings=\"{&quot;animation&quot;:&quot;fadeInDown&quot;}\">\n\t\t\t\t<div class=\"elementor-element elementor-element-474dd68 jltma-glass-effect-no elementor-widget elementor-widget-heading\" data-id=\"474dd68\" data-element_type=\"widget\" data-e-type=\"widget\" data-widget_type=\"heading.default\">\n\t\t\t\t<div class=\"elementor-widget-container\">\n\t\t\t\t\t<h2 class=\"elementor-heading-title elementor-size-default\">Contact us<\/h2>\t\t\t\t<\/div>\n\t\t\t\t<\/div>\n\t\t\t\t<div class=\"elementor-element elementor-element-c076b7d jltma-glass-effect-no elementor-widget elementor-widget-text-editor\" data-id=\"c076b7d\" data-element_type=\"widget\" data-e-type=\"widget\" data-widget_type=\"text-editor.default\">\n\t\t\t\t<div class=\"elementor-widget-container\">\n\t\t\t\t\t\t\t\t\tDo you have any questions or need more information? <br> \u00a1Contact us! We are ready to help you. \t\t\t\t\t\t\t\t<\/div>\n\t\t\t\t<\/div>\n\t\t<div class=\"elementor-element elementor-element-4ae94d9 e-con-full e-flex jltma-glass-effect-no e-con e-child\" data-id=\"4ae94d9\" data-element_type=\"container\" data-e-type=\"container\">\n\t\t\t\t<div class=\"elementor-element elementor-element-ddb460a elementor-align-left elementor-mobile-align-center jltma-glass-effect-no elementor-invisible elementor-widget elementor-widget-button\" data-id=\"ddb460a\" data-element_type=\"widget\" data-e-type=\"widget\" data-settings=\"{&quot;_animation&quot;:&quot;fadeInUp&quot;}\" data-widget_type=\"button.default\">\n\t\t\t\t<div class=\"elementor-widget-container\">\n\t\t\t\t\t\t\t\t\t<div class=\"elementor-button-wrapper\">\n\t\t\t\t\t<a class=\"elementor-button elementor-button-link elementor-size-sm\" href=\"https:\/\/vringenieria.com\/contactanos\/\" target=\"_blank\">\n\t\t\t\t\t\t<span class=\"elementor-button-content-wrapper\">\n\t\t\t\t\t\t<span class=\"elementor-button-icon\">\n\t\t\t\t<i aria-hidden=\"true\" class=\"fas fa-plus\"><\/i>\t\t\t<\/span>\n\t\t\t\t\t\t\t\t\t<span class=\"elementor-button-text\">Form<\/span>\n\t\t\t\t\t<\/span>\n\t\t\t\t\t<\/a>\n\t\t\t\t<\/div>\n\t\t\t\t\t\t\t\t<\/div>\n\t\t\t\t<\/div>\n\t\t\t\t<div class=\"elementor-element elementor-element-2537b16 elementor-align-left elementor-mobile-align-center jltma-glass-effect-no elementor-invisible elementor-widget elementor-widget-button\" data-id=\"2537b16\" data-element_type=\"widget\" data-e-type=\"widget\" data-settings=\"{&quot;_animation&quot;:&quot;fadeInDown&quot;}\" data-widget_type=\"button.default\">\n\t\t\t\t<div class=\"elementor-widget-container\">\n\t\t\t\t\t\t\t\t\t<div class=\"elementor-button-wrapper\">\n\t\t\t\t\t<a class=\"elementor-button elementor-button-link elementor-size-sm\" href=\"http:\/\/wa.me\/573153241798?text=Hola%2C%20quiero%20informaci%C3%B3n%20de%20tableros%20de%20control\" target=\"_blank\" rel=\"noopener\">\n\t\t\t\t\t\t<span class=\"elementor-button-content-wrapper\">\n\t\t\t\t\t\t<span class=\"elementor-button-icon\">\n\t\t\t\t<i aria-hidden=\"true\" class=\"im im-whatsapp\"><\/i>\t\t\t<\/span>\n\t\t\t\t\t\t\t\t\t<span class=\"elementor-button-text\">Contact Us<\/span>\n\t\t\t\t\t<\/span>\n\t\t\t\t\t<\/a>\n\t\t\t\t<\/div>\n\t\t\t\t\t\t\t\t<\/div>\n\t\t\t\t<\/div>\n\t\t\t\t<\/div>\n\t\t\t\t<\/div>\n\t\t\t\t<\/div>\n\t\t\t\t<\/div>\n\t\t\t\t<\/div>\n\t\t","protected":false},"excerpt":{"rendered":"<p>Industrial Instrumentation Industrial instrumentation In the instrumentation specialty, we have forged strategic alliances with the world&#8217;s leading manufacturers in order to integrate into our projects the final measurement and control elements, selecting for each process the brand, technology, materials and specific characteristics, so as to ensure optimum performance at the best possible cost.We have an [&hellip;]<\/p>\n","protected":false},"author":1,"featured_media":16860,"parent":18097,"menu_order":0,"comment_status":"closed","ping_status":"closed","template":"","meta":{"footnotes":""},"class_list":["post-18108","page","type-page","status-publish","has-post-thumbnail","hentry"],"_links":{"self":[{"href":"https:\/\/vringenieria.com\/en\/wp-json\/wp\/v2\/pages\/18108","targetHints":{"allow":["GET"]}}],"collection":[{"href":"https:\/\/vringenieria.com\/en\/wp-json\/wp\/v2\/pages"}],"about":[{"href":"https:\/\/vringenieria.com\/en\/wp-json\/wp\/v2\/types\/page"}],"author":[{"embeddable":true,"href":"https:\/\/vringenieria.com\/en\/wp-json\/wp\/v2\/users\/1"}],"replies":[{"embeddable":true,"href":"https:\/\/vringenieria.com\/en\/wp-json\/wp\/v2\/comments?post=18108"}],"version-history":[{"count":9,"href":"https:\/\/vringenieria.com\/en\/wp-json\/wp\/v2\/pages\/18108\/revisions"}],"predecessor-version":[{"id":25715,"href":"https:\/\/vringenieria.com\/en\/wp-json\/wp\/v2\/pages\/18108\/revisions\/25715"}],"up":[{"embeddable":true,"href":"https:\/\/vringenieria.com\/en\/wp-json\/wp\/v2\/pages\/18097"}],"wp:featuredmedia":[{"embeddable":true,"href":"https:\/\/vringenieria.com\/en\/wp-json\/wp\/v2\/media\/16860"}],"wp:attachment":[{"href":"https:\/\/vringenieria.com\/en\/wp-json\/wp\/v2\/media?parent=18108"}],"curies":[{"name":"wp","href":"https:\/\/api.w.org\/{rel}","templated":true}]}}