{"id":18180,"date":"2024-03-19T17:58:26","date_gmt":"2024-03-19T17:58:26","guid":{"rendered":"https:\/\/vringenieria.com\/blog\/"},"modified":"2025-06-10T19:45:23","modified_gmt":"2025-06-10T19:45:23","slug":"blog","status":"publish","type":"page","link":"https:\/\/vringenieria.com\/en\/blog\/","title":{"rendered":"Blog"},"content":{"rendered":"\t\t<div data-elementor-type=\"wp-page\" data-elementor-id=\"18180\" class=\"elementor elementor-18180 elementor-15745\" data-elementor-post-type=\"page\">\n\t\t\t\t<div class=\"elementor-element elementor-element-a12a30e e-flex e-con-boxed jltma-glass-effect-no e-con e-parent\" data-id=\"a12a30e\" data-element_type=\"container\" data-e-type=\"container\">\n\t\t\t\t\t<div class=\"e-con-inner\">\n\t\t\t\t<div class=\"elementor-element elementor-element-3b33d27 jltma-glass-effect-no elementor-widget elementor-widget-spacer\" data-id=\"3b33d27\" data-element_type=\"widget\" data-e-type=\"widget\" data-widget_type=\"spacer.default\">\n\t\t\t\t<div class=\"elementor-widget-container\">\n\t\t\t\t\t\t\t<div class=\"elementor-spacer\">\n\t\t\t<div class=\"elementor-spacer-inner\"><\/div>\n\t\t<\/div>\n\t\t\t\t\t\t<\/div>\n\t\t\t\t<\/div>\n\t\t\t\t\t<\/div>\n\t\t\t\t<\/div>\n\t\t<div class=\"elementor-element elementor-element-5a6ffca e-con-full e-flex jltma-glass-effect-no e-con e-parent\" data-id=\"5a6ffca\" data-element_type=\"container\" data-e-type=\"container\" data-settings=\"{&quot;background_background&quot;:&quot;classic&quot;}\">\n\t\t<div class=\"elementor-element elementor-element-ded7e02 e-con-full e-flex jltma-glass-effect-no e-con e-child\" data-id=\"ded7e02\" data-element_type=\"container\" data-e-type=\"container\">\n\t\t\t\t<div class=\"elementor-element elementor-element-c956509 jltma-glass-effect-no elementor-widget elementor-widget-heading\" data-id=\"c956509\" data-element_type=\"widget\" data-e-type=\"widget\" data-widget_type=\"heading.default\">\n\t\t\t\t<div class=\"elementor-widget-container\">\n\t\t\t\t\t<h1 class=\"elementor-heading-title elementor-size-large\">Blog<\/h1>\t\t\t\t<\/div>\n\t\t\t\t<\/div>\n\t\t\t\t<div class=\"elementor-element elementor-element-b9aab95 elementor-widget-divider--view-line jltma-glass-effect-no elementor-widget elementor-widget-divider\" data-id=\"b9aab95\" data-element_type=\"widget\" data-e-type=\"widget\" data-widget_type=\"divider.default\">\n\t\t\t\t<div class=\"elementor-widget-container\">\n\t\t\t\t\t\t\t<div class=\"elementor-divider\">\n\t\t\t<span class=\"elementor-divider-separator\">\n\t\t\t\t\t\t<\/span>\n\t\t<\/div>\n\t\t\t\t\t\t<\/div>\n\t\t\t\t<\/div>\n\t\t\t\t<\/div>\n\t\t\t\t<\/div>\n\t\t<div class=\"elementor-element elementor-element-f514fed e-flex e-con-boxed jltma-glass-effect-no e-con e-parent\" data-id=\"f514fed\" data-element_type=\"container\" data-e-type=\"container\">\n\t\t\t\t\t<div class=\"e-con-inner\">\n\t\t\t\t<div class=\"elementor-element elementor-element-2ef7239 jltma-glass-effect-no elementor-widget elementor-widget-shortcode\" data-id=\"2ef7239\" data-element_type=\"widget\" data-e-type=\"widget\" data-widget_type=\"shortcode.default\">\n\t\t\t\t<div class=\"elementor-widget-container\">\n\t\t\t\t\t\t\t<div class=\"elementor-shortcode\"><nav aria-label=\"breadcrumbs\" class=\"rank-math-breadcrumb\"><p><span class=\"last\">Home<\/span><\/p><\/nav><\/div>\n\t\t\t\t\t\t<\/div>\n\t\t\t\t<\/div>\n\t\t\t\t\t<\/div>\n\t\t\t\t<\/div>\n\t\t<div class=\"elementor-element elementor-element-26e31c9 e-flex e-con-boxed jltma-glass-effect-no e-con e-parent\" data-id=\"26e31c9\" data-element_type=\"container\" data-e-type=\"container\">\n\t\t\t\t\t<div class=\"e-con-inner\">\n\t\t<section class=\"elementor-element elementor-element-6162eab e-con-full elementor-hidden-tablet elementor-hidden-mobile e-flex jltma-glass-effect-no e-con e-child\" data-id=\"6162eab\" data-element_type=\"container\" data-e-type=\"container\" data-settings=\"{&quot;background_background&quot;:&quot;classic&quot;}\">\n\t\t<div class=\"elementor-element elementor-element-184e457 e-con-full e-flex jltma-glass-effect-no e-con e-child\" data-id=\"184e457\" data-element_type=\"container\" data-e-type=\"container\" data-settings=\"{&quot;background_background&quot;:&quot;classic&quot;}\">\n\t\t\t\t<div class=\"elementor-element elementor-element-754a9ea divisi\u00f3nmetalmecanica jltma-glass-effect-no elementor-widget elementor-widget-heading\" data-id=\"754a9ea\" data-element_type=\"widget\" data-e-type=\"widget\" data-widget_type=\"heading.default\">\n\t\t\t\t<div class=\"elementor-widget-container\">\n\t\t\t\t\t<h2 class=\"elementor-heading-title elementor-size-default\">\u00a1Contact us!<\/h2>\t\t\t\t<\/div>\n\t\t\t\t<\/div>\n\t\t\t\t<div class=\"elementor-element elementor-element-fb70678 elementor-widget-divider--view-line jltma-glass-effect-no elementor-widget elementor-widget-divider\" data-id=\"fb70678\" data-element_type=\"widget\" data-e-type=\"widget\" data-widget_type=\"divider.default\">\n\t\t\t\t<div class=\"elementor-widget-container\">\n\t\t\t\t\t\t\t<div class=\"elementor-divider\">\n\t\t\t<span class=\"elementor-divider-separator\">\n\t\t\t\t\t\t<\/span>\n\t\t<\/div>\n\t\t\t\t\t\t<\/div>\n\t\t\t\t<\/div>\n\t\t\t\t<div class=\"elementor-element elementor-element-e8aa030 jltma-glass-effect-no elementor-widget elementor-widget-text-editor\" data-id=\"e8aa030\" data-element_type=\"widget\" data-e-type=\"widget\" data-widget_type=\"text-editor.default\">\n\t\t\t\t<div class=\"elementor-widget-container\">\n\t\t\t\t\t\t\t\t\t<p>For inquiries about our products or information, contact us via WhatsApp using the button below.<\/p>\t\t\t\t\t\t\t\t<\/div>\n\t\t\t\t<\/div>\n\t\t\t\t<div class=\"elementor-element elementor-element-c17736b elementor-align-left elementor-mobile-align-center jltma-glass-effect-no elementor-invisible elementor-widget elementor-widget-button\" data-id=\"c17736b\" data-element_type=\"widget\" data-e-type=\"widget\" data-settings=\"{&quot;_animation&quot;:&quot;fadeInDown&quot;}\" data-widget_type=\"button.default\">\n\t\t\t\t<div class=\"elementor-widget-container\">\n\t\t\t\t\t\t\t\t\t<div class=\"elementor-button-wrapper\">\n\t\t\t\t\t<a class=\"elementor-button elementor-button-link elementor-size-sm\" href=\"http:\/\/wa.me\/573153241798?text=Hola%20me%20gustaria%20conocer%20m\u00e1s%20sobre%20su%20portafolio%20de%20servicios\" target=\"_blank\" rel=\"noopener\">\n\t\t\t\t\t\t<span class=\"elementor-button-content-wrapper\">\n\t\t\t\t\t\t<span class=\"elementor-button-icon\">\n\t\t\t\t<i aria-hidden=\"true\" class=\"im im-whatsapp\"><\/i>\t\t\t<\/span>\n\t\t\t\t\t\t\t\t\t<span class=\"elementor-button-text\">Contact Us<\/span>\n\t\t\t\t\t<\/span>\n\t\t\t\t\t<\/a>\n\t\t\t\t<\/div>\n\t\t\t\t\t\t\t\t<\/div>\n\t\t\t\t<\/div>\n\t\t\t\t<\/div>\n\t\t<div class=\"elementor-element elementor-element-ac7ed70 e-con-full elementor-hidden-mobile e-flex jltma-glass-effect-no e-con e-child\" data-id=\"ac7ed70\" data-element_type=\"container\" data-e-type=\"container\" data-settings=\"{&quot;background_background&quot;:&quot;classic&quot;}\">\n\t\t\t\t<div class=\"elementor-element elementor-element-ffdd192 divisi\u00f3nmetalmecanica jltma-glass-effect-no elementor-widget elementor-widget-heading\" data-id=\"ffdd192\" data-element_type=\"widget\" data-e-type=\"widget\" data-widget_type=\"heading.default\">\n\t\t\t\t<div class=\"elementor-widget-container\">\n\t\t\t\t\t<h2 class=\"elementor-heading-title elementor-size-default\">Our Social Media<\/h2>\t\t\t\t<\/div>\n\t\t\t\t<\/div>\n\t\t\t\t<div class=\"elementor-element elementor-element-13304c8 jltma-glass-effect-no elementor-widget elementor-widget-text-editor\" data-id=\"13304c8\" data-element_type=\"widget\" data-e-type=\"widget\" data-widget_type=\"text-editor.default\">\n\t\t\t\t<div class=\"elementor-widget-container\">\n\t\t\t\t\t\t\t\t\t\u00a1Follow Us!\t\t\t\t\t\t\t\t<\/div>\n\t\t\t\t<\/div>\n\t\t\t\t<div class=\"elementor-element elementor-element-a90cba8 elementor-widget__width-inherit elementor-shape-circle e-grid-align-left e-grid-align-tablet-center elementor-grid-0 jltma-glass-effect-no elementor-widget elementor-widget-social-icons\" data-id=\"a90cba8\" data-element_type=\"widget\" data-e-type=\"widget\" data-widget_type=\"social-icons.default\">\n\t\t\t\t<div class=\"elementor-widget-container\">\n\t\t\t\t\t\t\t<div class=\"elementor-social-icons-wrapper elementor-grid\" role=\"list\">\n\t\t\t\t\t\t\t<span class=\"elementor-grid-item\" role=\"listitem\">\n\t\t\t\t\t<a class=\"elementor-icon elementor-social-icon elementor-social-icon-linkedin elementor-animation-bounce-in elementor-repeater-item-dccfaf9\" href=\"https:\/\/www.linkedin.com\/company\/vringenieria\" target=\"_blank\" rel=\"noopener\">\n\t\t\t\t\t\t<span class=\"elementor-screen-only\">Linkedin<\/span>\n\t\t\t\t\t\t<i aria-hidden=\"true\" class=\"fab fa-linkedin\"><\/i>\t\t\t\t\t<\/a>\n\t\t\t\t<\/span>\n\t\t\t\t\t\t\t<span class=\"elementor-grid-item\" role=\"listitem\">\n\t\t\t\t\t<a class=\"elementor-icon elementor-social-icon elementor-social-icon-facebook-f elementor-animation-bounce-in elementor-repeater-item-320e991\" href=\"https:\/\/www.facebook.com\/vringenieriasas\/\" target=\"_blank\" rel=\"noopener\">\n\t\t\t\t\t\t<span class=\"elementor-screen-only\">Facebook-f<\/span>\n\t\t\t\t\t\t<i aria-hidden=\"true\" class=\"fab fa-facebook-f\"><\/i>\t\t\t\t\t<\/a>\n\t\t\t\t<\/span>\n\t\t\t\t\t\t\t<span class=\"elementor-grid-item\" role=\"listitem\">\n\t\t\t\t\t<a class=\"elementor-icon elementor-social-icon elementor-social-icon-youtube elementor-animation-bounce-in elementor-repeater-item-1491259\" href=\"https:\/\/www.youtube.com\/channel\/UC0_t8lzeJCLhTZGxBOtss4A\" target=\"_blank\" rel=\"noopener\">\n\t\t\t\t\t\t<span class=\"elementor-screen-only\">Youtube<\/span>\n\t\t\t\t\t\t<i aria-hidden=\"true\" class=\"fab fa-youtube\"><\/i>\t\t\t\t\t<\/a>\n\t\t\t\t<\/span>\n\t\t\t\t\t\t\t<span class=\"elementor-grid-item\" role=\"listitem\">\n\t\t\t\t\t<a class=\"elementor-icon elementor-social-icon elementor-social-icon-instagram elementor-animation-bounce-in elementor-repeater-item-8206083\" href=\"https:\/\/www.instagram.com\/vringenieria\/\" target=\"_blank\" rel=\"noopener\">\n\t\t\t\t\t\t<span class=\"elementor-screen-only\">Instagram<\/span>\n\t\t\t\t\t\t<i aria-hidden=\"true\" class=\"fab fa-instagram\"><\/i>\t\t\t\t\t<\/a>\n\t\t\t\t<\/span>\n\t\t\t\t\t\t\t<span class=\"elementor-grid-item\" role=\"listitem\">\n\t\t\t\t\t<a class=\"elementor-icon elementor-social-icon elementor-social-icon-x-twitter elementor-animation-bounce-in elementor-repeater-item-f85b238\" href=\"https:\/\/twitter.com\/vr_ingenieria\" target=\"_blank\" rel=\"noopener\">\n\t\t\t\t\t\t<span class=\"elementor-screen-only\">X-twitter<\/span>\n\t\t\t\t\t\t<i aria-hidden=\"true\" class=\"fab fa-x-twitter\"><\/i>\t\t\t\t\t<\/a>\n\t\t\t\t<\/span>\n\t\t\t\t\t\t\t<span class=\"elementor-grid-item\" role=\"listitem\">\n\t\t\t\t\t<a class=\"elementor-icon elementor-social-icon elementor-social-icon-tiktok elementor-animation-bounce-in elementor-repeater-item-8e88f44\" href=\"https:\/\/www.tiktok.com\/@vringenieriaoficial\" target=\"_blank\" rel=\"noopener\">\n\t\t\t\t\t\t<span class=\"elementor-screen-only\">Tiktok<\/span>\n\t\t\t\t\t\t<i aria-hidden=\"true\" class=\"fab fa-tiktok\"><\/i>\t\t\t\t\t<\/a>\n\t\t\t\t<\/span>\n\t\t\t\t\t<\/div>\n\t\t\t\t\t\t<\/div>\n\t\t\t\t<\/div>\n\t\t\t\t<div class=\"elementor-element elementor-element-5dcd81c jltma-glass-effect-no elementor-widget elementor-widget-facebook-embed\" data-id=\"5dcd81c\" data-element_type=\"widget\" data-e-type=\"widget\" data-widget_type=\"facebook-embed.default\">\n\t\t\t\t<div class=\"elementor-widget-container\">\n\t\t\t\t\t<div style=\"min-height: 1px\" class=\"elementor-facebook-widget fb-post\" data-href=\"https:\/\/www.facebook.com\/photo\/?fbid=582096860587696&#038;set=a.582096870587695&#038;locale=gl_ES\" data-show-text=\"false\"><\/div>\t\t\t\t<\/div>\n\t\t\t\t<\/div>\n\t\t\t\t<\/div>\n\t\t<div class=\"elementor-element elementor-element-9db3fb6 e-con-full elementor-hidden-mobile e-flex jltma-glass-effect-no e-con e-child\" data-id=\"9db3fb6\" data-element_type=\"container\" data-e-type=\"container\" data-settings=\"{&quot;background_background&quot;:&quot;classic&quot;}\">\n\t\t\t\t<div class=\"elementor-element elementor-element-c51a457 divisi\u00f3nmetalmecanica jltma-glass-effect-no elementor-widget elementor-widget-heading\" data-id=\"c51a457\" data-element_type=\"widget\" data-e-type=\"widget\" data-widget_type=\"heading.default\">\n\t\t\t\t<div class=\"elementor-widget-container\">\n\t\t\t\t\t<h2 class=\"elementor-heading-title elementor-size-default\">Our Blog<\/h2>\t\t\t\t<\/div>\n\t\t\t\t<\/div>\n\t\t\t\t<div class=\"elementor-element elementor-element-8d20bda elementor-widget-divider--view-line jltma-glass-effect-no elementor-widget elementor-widget-divider\" data-id=\"8d20bda\" data-element_type=\"widget\" data-e-type=\"widget\" data-widget_type=\"divider.default\">\n\t\t\t\t<div class=\"elementor-widget-container\">\n\t\t\t\t\t\t\t<div class=\"elementor-divider\">\n\t\t\t<span class=\"elementor-divider-separator\">\n\t\t\t\t\t\t<\/span>\n\t\t<\/div>\n\t\t\t\t\t\t<\/div>\n\t\t\t\t<\/div>\n\t\t\t\t<div class=\"elementor-element elementor-element-902a73b jltma-glass-effect-no elementor-widget elementor-widget-text-editor\" data-id=\"902a73b\" data-element_type=\"widget\" data-e-type=\"widget\" data-widget_type=\"text-editor.default\">\n\t\t\t\t<div class=\"elementor-widget-container\">\n\t\t\t\t\t\t\t\t\t<p>We love having you on our blog! Feel free to get in touch to share your comments, concerns, or suggestions on how we can improve. <\/p>\t\t\t\t\t\t\t\t<\/div>\n\t\t\t\t<\/div>\n\t\t\t\t<\/div>\n\t\t\t\t<\/section>\n\t\t<article class=\"elementor-element elementor-element-d9958e5 e-con-full e-flex jltma-glass-effect-no e-con e-child\" data-id=\"d9958e5\" data-element_type=\"container\" data-e-type=\"container\">\n\t\t\t\t<div class=\"elementor-element elementor-element-92b3e25 elementor-grid-2 elementor-grid-tablet-2 elementor-grid-mobile-1 elementor-posts--thumbnail-top elementor-card-shadow-yes elementor-posts__hover-gradient jltma-glass-effect-no elementor-widget elementor-widget-posts\" data-id=\"92b3e25\" data-element_type=\"widget\" data-e-type=\"widget\" data-settings=\"{&quot;cards_columns&quot;:&quot;2&quot;,&quot;pagination_type&quot;:&quot;numbers&quot;,&quot;cards_masonry&quot;:&quot;yes&quot;,&quot;cards_columns_tablet&quot;:&quot;2&quot;,&quot;cards_columns_mobile&quot;:&quot;1&quot;,&quot;cards_row_gap&quot;:{&quot;unit&quot;:&quot;px&quot;,&quot;size&quot;:35,&quot;sizes&quot;:[]},&quot;cards_row_gap_tablet&quot;:{&quot;unit&quot;:&quot;px&quot;,&quot;size&quot;:&quot;&quot;,&quot;sizes&quot;:[]},&quot;cards_row_gap_mobile&quot;:{&quot;unit&quot;:&quot;px&quot;,&quot;size&quot;:&quot;&quot;,&quot;sizes&quot;:[]}}\" data-widget_type=\"posts.cards\">\n\t\t\t\t<div class=\"elementor-widget-container\">\n\t\t\t\t\t\t\t<div class=\"elementor-posts-container elementor-posts elementor-posts--skin-cards elementor-grid\" role=\"list\">\n\t\t\t\t<article class=\"elementor-post elementor-grid-item post-27380 post type-post status-publish format-standard has-post-thumbnail hentry category-blog-en category-sin-categorizar\" role=\"listitem\">\n\t\t\t<div class=\"elementor-post__card\">\n\t\t\t\t<a class=\"elementor-post__thumbnail__link\" href=\"https:\/\/vringenieria.com\/en\/sharing-our-expertise-with-academia\/\" tabindex=\"-1\" target=\"_blank\"><div class=\"elementor-post__thumbnail\"><img fetchpriority=\"high\" decoding=\"async\" width=\"2560\" height=\"1705\" src=\"https:\/\/vringenieria.com\/wp-content\/uploads\/2025\/05\/Univesidad-Tadeo-VR-Ingenieria-scaled.jpg\" class=\"attachment-full size-full wp-image-27357\" alt=\"\" srcset=\"https:\/\/vringenieria.com\/wp-content\/uploads\/2025\/05\/Univesidad-Tadeo-VR-Ingenieria-scaled.jpg 2560w, https:\/\/vringenieria.com\/wp-content\/uploads\/2025\/05\/Univesidad-Tadeo-VR-Ingenieria-300x200.jpg 300w, https:\/\/vringenieria.com\/wp-content\/uploads\/2025\/05\/Univesidad-Tadeo-VR-Ingenieria-1024x682.jpg 1024w, https:\/\/vringenieria.com\/wp-content\/uploads\/2025\/05\/Univesidad-Tadeo-VR-Ingenieria-768x512.jpg 768w, https:\/\/vringenieria.com\/wp-content\/uploads\/2025\/05\/Univesidad-Tadeo-VR-Ingenieria-1536x1023.jpg 1536w, https:\/\/vringenieria.com\/wp-content\/uploads\/2025\/05\/Univesidad-Tadeo-VR-Ingenieria-2048x1364.jpg 2048w\" sizes=\"(max-width: 2560px) 100vw, 2560px\"><\/div><\/a>\n\t\t\t\t<div class=\"elementor-post__text\">\n\t\t\t\t<h3 class=\"elementor-post__title\">\n\t\t\t<a href=\"https:\/\/vringenieria.com\/en\/sharing-our-expertise-with-academia\/\">\n\t\t\t\tSharing our expertise with academia\t\t\t<\/a>\n\t\t<\/h3>\n\t\t\n\t\t<a class=\"elementor-post__read-more\" href=\"https:\/\/vringenieria.com\/en\/sharing-our-expertise-with-academia\/\" aria-label=\"Read more about Sharing our expertise with academia\" tabindex=\"-1\" target=\"_blank\">\n\t\t\tRead more \u00bb\t\t<\/a>\n\n\t\t\t\t<\/div>\n\t\t\t\t<div class=\"elementor-post__meta-data\">\n\t\t\t\t\t<span class=\"elementor-post-date\">\n\t\t\t20 de May de 2025\t\t<\/span>\n\t\t\t\t<span class=\"elementor-post-avatar\">\n\t\t\tNo Comments\t\t<\/span>\n\t\t\t\t<\/div>\n\t\t\t\t\t<\/div>\n\t\t<\/article>\n\t\t\t\t<article class=\"elementor-post elementor-grid-item post-24082 post type-post status-publish format-standard has-post-thumbnail hentry category-sin-categorizar\" role=\"listitem\">\n\t\t\t<div class=\"elementor-post__card\">\n\t\t\t\t<a class=\"elementor-post__thumbnail__link\" href=\"https:\/\/vringenieria.com\/en\/two-phase-test-separator-for-the-oil-gas-sector\/\" tabindex=\"-1\" target=\"_blank\"><div class=\"elementor-post__thumbnail\"><img decoding=\"async\" width=\"1080\" height=\"720\" src=\"https:\/\/vringenieria.com\/wp-content\/uploads\/2024\/09\/Separador-bifasico.jpg\" class=\"attachment-full size-full wp-image-22419\" alt=\"Separador bif\u00e1sico industrial para la separaci\u00f3n de l\u00edquidos y gases en procesos industriales.\" srcset=\"https:\/\/vringenieria.com\/wp-content\/uploads\/2024\/09\/Separador-bifasico.jpg 1080w, https:\/\/vringenieria.com\/wp-content\/uploads\/2024\/09\/Separador-bifasico-300x200.jpg 300w, https:\/\/vringenieria.com\/wp-content\/uploads\/2024\/09\/Separador-bifasico-1024x683.jpg 1024w, https:\/\/vringenieria.com\/wp-content\/uploads\/2024\/09\/Separador-bifasico-768x512.jpg 768w\" sizes=\"(max-width: 1080px) 100vw, 1080px\" \/><\/div><\/a>\n\t\t\t\t<div class=\"elementor-post__text\">\n\t\t\t\t<h3 class=\"elementor-post__title\">\n\t\t\t<a href=\"https:\/\/vringenieria.com\/en\/two-phase-test-separator-for-the-oil-gas-sector\/\">\n\t\t\t\tTwo-Phase Test Separator for the Oil &amp; Gas Sector\t\t\t<\/a>\n\t\t<\/h3>\n\t\t\n\t\t<a class=\"elementor-post__read-more\" href=\"https:\/\/vringenieria.com\/en\/two-phase-test-separator-for-the-oil-gas-sector\/\" aria-label=\"Read more about Two-Phase Test Separator for the Oil &amp; Gas Sector\" tabindex=\"-1\" target=\"_blank\">\n\t\t\tRead more \u00bb\t\t<\/a>\n\n\t\t\t\t<\/div>\n\t\t\t\t<div class=\"elementor-post__meta-data\">\n\t\t\t\t\t<span class=\"elementor-post-date\">\n\t\t\t11 de September de 2024\t\t<\/span>\n\t\t\t\t<span class=\"elementor-post-avatar\">\n\t\t\tNo Comments\t\t<\/span>\n\t\t\t\t<\/div>\n\t\t\t\t\t<\/div>\n\t\t<\/article>\n\t\t\t\t<article class=\"elementor-post elementor-grid-item post-18244 post type-post status-publish format-standard has-post-thumbnail hentry category-blog-en\" role=\"listitem\">\n\t\t\t<div class=\"elementor-post__card\">\n\t\t\t\t<a class=\"elementor-post__thumbnail__link\" href=\"https:\/\/vringenieria.com\/en\/science-and-technology-serving-the-industry\/\" tabindex=\"-1\" target=\"_blank\"><div class=\"elementor-post__thumbnail\"><img decoding=\"async\" width=\"400\" height=\"228\" src=\"https:\/\/vringenieria.com\/wp-content\/uploads\/2022\/09\/Portada-La-ciencia-y-la-tecnologia-al-servicio-de-la-industria.jpg\" class=\"attachment-full size-full wp-image-17211\" alt=\"\" srcset=\"https:\/\/vringenieria.com\/wp-content\/uploads\/2022\/09\/Portada-La-ciencia-y-la-tecnologia-al-servicio-de-la-industria.jpg 400w, https:\/\/vringenieria.com\/wp-content\/uploads\/2022\/09\/Portada-La-ciencia-y-la-tecnologia-al-servicio-de-la-industria-300x171.jpg 300w\" sizes=\"(max-width: 400px) 100vw, 400px\"><\/div><\/a>\n\t\t\t\t<div class=\"elementor-post__text\">\n\t\t\t\t<h3 class=\"elementor-post__title\">\n\t\t\t<a href=\"https:\/\/vringenieria.com\/en\/science-and-technology-serving-the-industry\/\">\n\t\t\t\tScience and Technology Serving the Industry\t\t\t<\/a>\n\t\t<\/h3>\n\t\t\n\t\t<a class=\"elementor-post__read-more\" href=\"https:\/\/vringenieria.com\/en\/science-and-technology-serving-the-industry\/\" aria-label=\"Read more about Science and Technology Serving the Industry\" tabindex=\"-1\" target=\"_blank\">\n\t\t\tRead more \u00bb\t\t<\/a>\n\n\t\t\t\t<\/div>\n\t\t\t\t<div class=\"elementor-post__meta-data\">\n\t\t\t\t\t<span class=\"elementor-post-date\">\n\t\t\t29 de September de 2022\t\t<\/span>\n\t\t\t\t<span class=\"elementor-post-avatar\">\n\t\t\tNo Comments\t\t<\/span>\n\t\t\t\t<\/div>\n\t\t\t\t\t<\/div>\n\t\t<\/article>\n\t\t\t\t<article class=\"elementor-post elementor-grid-item post-18248 post type-post status-publish format-standard has-post-thumbnail hentry category-blog-en\" role=\"listitem\">\n\t\t\t<div class=\"elementor-post__card\">\n\t\t\t\t<a class=\"elementor-post__thumbnail__link\" href=\"https:\/\/vringenieria.com\/en\/stalks-another-biomass-available-for-energy-generation\/\" tabindex=\"-1\" target=\"_blank\"><div class=\"elementor-post__thumbnail\"><img loading=\"lazy\" decoding=\"async\" width=\"400\" height=\"228\" src=\"https:\/\/vringenieria.com\/wp-content\/uploads\/2022\/09\/Portada-Raquis-Otra-biomasa-disponible-para-generacion-de-energia.jpg\" class=\"attachment-full size-full wp-image-17212\" alt=\"\" srcset=\"https:\/\/vringenieria.com\/wp-content\/uploads\/2022\/09\/Portada-Raquis-Otra-biomasa-disponible-para-generacion-de-energia.jpg 400w, https:\/\/vringenieria.com\/wp-content\/uploads\/2022\/09\/Portada-Raquis-Otra-biomasa-disponible-para-generacion-de-energia-300x171.jpg 300w\" sizes=\"(max-width: 400px) 100vw, 400px\"><\/div><\/a>\n\t\t\t\t<div class=\"elementor-post__text\">\n\t\t\t\t<h3 class=\"elementor-post__title\">\n\t\t\t<a href=\"https:\/\/vringenieria.com\/en\/stalks-another-biomass-available-for-energy-generation\/\">\n\t\t\t\tStalks: Another Biomass Available for Energy Generation\t\t\t<\/a>\n\t\t<\/h3>\n\t\t\n\t\t<a class=\"elementor-post__read-more\" href=\"https:\/\/vringenieria.com\/en\/stalks-another-biomass-available-for-energy-generation\/\" aria-label=\"Read more about Stalks: Another Biomass Available for Energy Generation\" tabindex=\"-1\" target=\"_blank\">\n\t\t\tRead more \u00bb\t\t<\/a>\n\n\t\t\t\t<\/div>\n\t\t\t\t<div class=\"elementor-post__meta-data\">\n\t\t\t\t\t<span class=\"elementor-post-date\">\n\t\t\t29 de September de 2022\t\t<\/span>\n\t\t\t\t<span class=\"elementor-post-avatar\">\n\t\t\tNo Comments\t\t<\/span>\n\t\t\t\t<\/div>\n\t\t\t\t\t<\/div>\n\t\t<\/article>\n\t\t\t\t<\/div>\n\t\t\n\t\t\t\t\t\t<\/div>\n\t\t\t\t<\/div>\n\t\t<div class=\"elementor-element elementor-element-4a9912c e-con-full e-flex jltma-glass-effect-no e-con e-child\" data-id=\"4a9912c\" data-element_type=\"container\" data-e-type=\"container\">\n\t\t\t\t<div class=\"elementor-element elementor-element-0f94055 jltma-glass-effect-no elementor-widget elementor-widget-spacer\" data-id=\"0f94055\" data-element_type=\"widget\" data-e-type=\"widget\" data-widget_type=\"spacer.default\">\n\t\t\t\t<div class=\"elementor-widget-container\">\n\t\t\t\t\t\t\t<div class=\"elementor-spacer\">\n\t\t\t<div class=\"elementor-spacer-inner\"><\/div>\n\t\t<\/div>\n\t\t\t\t\t\t<\/div>\n\t\t\t\t<\/div>\n\t\t\t\t<\/div>\n\t\t\t\t<\/article>\n\t\t\t\t\t<\/div>\n\t\t\t\t<\/div>\n\t\t\t\t<\/div>\n\t\t","protected":false},"excerpt":{"rendered":"<p>Thank you for visiting our blog! Your opinion is important to us. Feel free to get in touch to share your comments, concerns, or suggestions on how we can improve.<\/p>\n","protected":false},"author":4,"featured_media":22264,"parent":0,"menu_order":0,"comment_status":"closed","ping_status":"closed","template":"","meta":{"footnotes":""},"class_list":["post-18180","page","type-page","status-publish","has-post-thumbnail","hentry"],"_links":{"self":[{"href":"https:\/\/vringenieria.com\/en\/wp-json\/wp\/v2\/pages\/18180","targetHints":{"allow":["GET"]}}],"collection":[{"href":"https:\/\/vringenieria.com\/en\/wp-json\/wp\/v2\/pages"}],"about":[{"href":"https:\/\/vringenieria.com\/en\/wp-json\/wp\/v2\/types\/page"}],"author":[{"embeddable":true,"href":"https:\/\/vringenieria.com\/en\/wp-json\/wp\/v2\/users\/4"}],"replies":[{"embeddable":true,"href":"https:\/\/vringenieria.com\/en\/wp-json\/wp\/v2\/comments?post=18180"}],"version-history":[{"count":49,"href":"https:\/\/vringenieria.com\/en\/wp-json\/wp\/v2\/pages\/18180\/revisions"}],"predecessor-version":[{"id":28333,"href":"https:\/\/vringenieria.com\/en\/wp-json\/wp\/v2\/pages\/18180\/revisions\/28333"}],"wp:featuredmedia":[{"embeddable":true,"href":"https:\/\/vringenieria.com\/en\/wp-json\/wp\/v2\/media\/22264"}],"wp:attachment":[{"href":"https:\/\/vringenieria.com\/en\/wp-json\/wp\/v2\/media?parent=18180"}],"curies":[{"name":"wp","href":"https:\/\/api.w.org\/{rel}","templated":true}]}}