{"id":24052,"date":"2025-02-11T16:01:47","date_gmt":"2025-02-11T16:01:47","guid":{"rendered":"https:\/\/vringenieria.com\/integrated-projects-2\/"},"modified":"2025-07-08T17:45:09","modified_gmt":"2025-07-08T17:45:09","slug":"integrated-projects-2","status":"publish","type":"page","link":"https:\/\/vringenieria.com\/en\/integrated-projects-2\/","title":{"rendered":"Integrated projects"},"content":{"rendered":"\t\t<div data-elementor-type=\"wp-page\" data-elementor-id=\"24052\" class=\"elementor elementor-24052 elementor-23652\" data-elementor-post-type=\"page\">\n\t\t\t\t<div class=\"elementor-element elementor-element-5f7fe1e e-flex e-con-boxed jltma-glass-effect-no e-con e-parent\" data-id=\"5f7fe1e\" data-element_type=\"container\" data-e-type=\"container\">\n\t\t\t\t\t<div class=\"e-con-inner\">\n\t\t\t\t\t<\/div>\n\t\t\t\t<\/div>\n\t\t<div class=\"elementor-element elementor-element-589ac0c e-con-full e-flex jltma-glass-effect-no e-con e-parent\" data-id=\"589ac0c\" data-element_type=\"container\" data-e-type=\"container\" data-settings=\"{&quot;background_background&quot;:&quot;gradient&quot;}\">\n\t\t<div class=\"elementor-element elementor-element-82227f1 e-con-full e-flex jltma-glass-effect-no e-con e-child\" data-id=\"82227f1\" data-element_type=\"container\" data-e-type=\"container\" data-settings=\"{&quot;background_background&quot;:&quot;classic&quot;}\">\n\t\t<div class=\"elementor-element elementor-element-77fe828 e-con-full e-flex jltma-glass-effect-no e-con e-child\" data-id=\"77fe828\" data-element_type=\"container\" data-e-type=\"container\" data-settings=\"{&quot;background_background&quot;:&quot;classic&quot;}\">\n\t\t\t\t<div class=\"elementor-element elementor-element-ac6ab46 jltma-glass-effect-no elementor-widget elementor-widget-heading\" data-id=\"ac6ab46\" data-element_type=\"widget\" data-e-type=\"widget\" data-widget_type=\"heading.default\">\n\t\t\t\t<div class=\"elementor-widget-container\">\n\t\t\t\t\t<h2 class=\"elementor-heading-title elementor-size-default\">Our Products<\/h2>\t\t\t\t<\/div>\n\t\t\t\t<\/div>\n\t\t<div class=\"elementor-element elementor-element-9f0ca48 e-con-full e-flex jltma-glass-effect-no e-con e-child\" data-id=\"9f0ca48\" data-element_type=\"container\" data-e-type=\"container\" data-settings=\"{&quot;background_background&quot;:&quot;classic&quot;}\">\n\t\t<div class=\"elementor-element elementor-element-4b2c58f e-con-full e-flex jltma-glass-effect-no e-con e-child\" data-id=\"4b2c58f\" data-element_type=\"container\" data-e-type=\"container\">\n\t\t\t\t<div class=\"elementor-element elementor-element-06176da jltma-glass-effect-no elementor-widget elementor-widget-image\" data-id=\"06176da\" data-element_type=\"widget\" data-e-type=\"widget\" data-widget_type=\"image.default\">\n\t\t\t\t<div class=\"elementor-widget-container\">\n\t\t\t\t\t\t\t\t\t\t\t\t\t\t\t<img decoding=\"async\" width=\"123\" height=\"93\" src=\"https:\/\/vringenieria.com\/wp-content\/uploads\/2024\/02\/Transforma-VR-Ingenieria.webp\" class=\"attachment-full size-full wp-image-16974\" alt=\"\">\t\t\t\t\t\t\t\t\t\t\t\t\t\t\t<\/div>\n\t\t\t\t<\/div>\n\t\t\t\t<\/div>\n\t\t<div class=\"elementor-element elementor-element-441a661 e-con-full e-flex jltma-glass-effect-no e-con e-child\" data-id=\"441a661\" data-element_type=\"container\" data-e-type=\"container\">\n\t\t\t\t<div class=\"elementor-element elementor-element-46d3400 jltma-glass-effect-no elementor-widget elementor-widget-heading\" data-id=\"46d3400\" data-element_type=\"widget\" data-e-type=\"widget\" data-widget_type=\"heading.default\">\n\t\t\t\t<div class=\"elementor-widget-container\">\n\t\t\t\t\t<h3 class=\"elementor-heading-title elementor-size-default\"><a href=\"https:\/\/vringenieria.com\/en\/metalworking-division-2\/#mecanica\">Metalworking<\/br> \nDivision<\/a><\/h3>\t\t\t\t<\/div>\n\t\t\t\t<\/div>\n\t\t\t\t<\/div>\n\t\t\t\t<\/div>\n\t\t<div class=\"elementor-element elementor-element-d74e8ba e-con-full e-flex jltma-glass-effect-no e-con e-child\" data-id=\"d74e8ba\" data-element_type=\"container\" data-e-type=\"container\" data-settings=\"{&quot;background_background&quot;:&quot;classic&quot;}\">\n\t\t<div class=\"elementor-element elementor-element-8527c22 e-con-full e-flex jltma-glass-effect-no e-con e-child\" data-id=\"8527c22\" data-element_type=\"container\" data-e-type=\"container\">\n\t\t\t\t<div class=\"elementor-element elementor-element-11f2908 jltma-glass-effect-no elementor-widget elementor-widget-image\" data-id=\"11f2908\" data-element_type=\"widget\" data-e-type=\"widget\" data-widget_type=\"image.default\">\n\t\t\t\t<div class=\"elementor-widget-container\">\n\t\t\t\t\t\t\t\t\t\t\t\t\t\t\t<img decoding=\"async\" width=\"123\" height=\"93\" src=\"https:\/\/vringenieria.com\/wp-content\/uploads\/2024\/02\/Conecta-VR-Ingenieria.webp\" class=\"attachment-full size-full wp-image-16975\" alt=\"\">\t\t\t\t\t\t\t\t\t\t\t\t\t\t\t<\/div>\n\t\t\t\t<\/div>\n\t\t\t\t<\/div>\n\t\t<div class=\"elementor-element elementor-element-5abb0b9 e-con-full e-flex jltma-glass-effect-no e-con e-child\" data-id=\"5abb0b9\" data-element_type=\"container\" data-e-type=\"container\">\n\t\t\t\t<div class=\"elementor-element elementor-element-336e56f jltma-glass-effect-no elementor-widget elementor-widget-heading\" data-id=\"336e56f\" data-element_type=\"widget\" data-e-type=\"widget\" data-widget_type=\"heading.default\">\n\t\t\t\t<div class=\"elementor-widget-container\">\n\t\t\t\t\t<h3 class=\"elementor-heading-title elementor-size-default\"><a href=\"https:\/\/vringenieria.com\/en\/electrical-automation-division\/#electrica\">Electrical Automation\n Division<\/br><\/a><\/h3>\t\t\t\t<\/div>\n\t\t\t\t<\/div>\n\t\t\t\t<\/div>\n\t\t\t\t<\/div>\n\t\t<div class=\"elementor-element elementor-element-1ee63ae e-con-full e-flex jltma-glass-effect-no e-con e-child\" data-id=\"1ee63ae\" data-element_type=\"container\" data-e-type=\"container\" data-settings=\"{&quot;background_background&quot;:&quot;classic&quot;}\">\n\t\t<div class=\"elementor-element elementor-element-c6adf1d e-con-full e-flex jltma-glass-effect-no e-con e-child\" data-id=\"c6adf1d\" data-element_type=\"container\" data-e-type=\"container\">\n\t\t\t\t<div class=\"elementor-element elementor-element-ee108a6 jltma-glass-effect-no elementor-widget elementor-widget-image\" data-id=\"ee108a6\" data-element_type=\"widget\" data-e-type=\"widget\" data-widget_type=\"image.default\">\n\t\t\t\t<div class=\"elementor-widget-container\">\n\t\t\t\t\t\t\t\t\t\t\t\t\t\t\t<img decoding=\"async\" width=\"123\" height=\"93\" src=\"https:\/\/vringenieria.com\/wp-content\/uploads\/2024\/02\/Integra-VR-Ingenieria.webp\" class=\"attachment-full size-full wp-image-16976\" alt=\"\">\t\t\t\t\t\t\t\t\t\t\t\t\t\t\t<\/div>\n\t\t\t\t<\/div>\n\t\t\t\t<\/div>\n\t\t<div class=\"elementor-element elementor-element-bdc3af2 e-con-full e-flex jltma-glass-effect-no e-con e-child\" data-id=\"bdc3af2\" data-element_type=\"container\" data-e-type=\"container\">\n\t\t\t\t<div class=\"elementor-element elementor-element-2c6474f jltma-glass-effect-no elementor-widget elementor-widget-heading\" data-id=\"2c6474f\" data-element_type=\"widget\" data-e-type=\"widget\" data-widget_type=\"heading.default\">\n\t\t\t\t<div class=\"elementor-widget-container\">\n\t\t\t\t\t<h3 class=\"elementor-heading-title elementor-size-default\"><a href=\"https:\/\/vringenieria.com\/en\/integrated-projects-2\/#integrados\">Integrates<\/br>\nProjects<\/a><\/h3>\t\t\t\t<\/div>\n\t\t\t\t<\/div>\n\t\t\t\t<\/div>\n\t\t\t\t<\/div>\n\t\t\t\t<\/div>\n\t\t\t\t<\/div>\n\t\t<div class=\"elementor-element elementor-element-a4f8f92 e-con-full e-flex jltma-glass-effect-no e-con e-child\" data-id=\"a4f8f92\" data-element_type=\"container\" data-e-type=\"container\">\n\t\t<div class=\"elementor-element elementor-element-ddd288c e-con-full e-flex jltma-glass-effect-no e-con e-child\" data-id=\"ddd288c\" data-element_type=\"container\" data-e-type=\"container\">\n\t\t<div class=\"elementor-element elementor-element-bdf7438 e-con-full e-flex jltma-glass-effect-no e-con e-child\" data-id=\"bdf7438\" data-element_type=\"container\" data-e-type=\"container\" id=\"integrados\">\n\t\t\t\t<div class=\"elementor-element elementor-element-f6ff0b2 jltma-glass-effect-no elementor-widget elementor-widget-text-editor\" data-id=\"f6ff0b2\" data-element_type=\"widget\" data-e-type=\"widget\" data-widget_type=\"text-editor.default\">\n\t\t\t\t<div class=\"elementor-widget-container\">\n\t\t\t\t\t\t\t\t\t<pre class=\"wp-block-code\"><code><nav aria-label=\"breadcrumbs\" class=\"rank-math-breadcrumb\"><p><span class=\"last\">Home<\/span><\/p><\/nav><\/code><\/pre>\t\t\t\t\t\t\t\t<\/div>\n\t\t\t\t<\/div>\n\t\t\t\t<\/div>\n\t\t\t\t<\/div>\n\t\t<div class=\"elementor-element elementor-element-e946c38 e-con-full e-flex jltma-glass-effect-no e-con e-child\" data-id=\"e946c38\" data-element_type=\"container\" data-e-type=\"container\">\n\t\t<div class=\"elementor-element elementor-element-7bd702c e-con-full e-flex jltma-glass-effect-no e-con e-child\" data-id=\"7bd702c\" data-element_type=\"container\" data-e-type=\"container\">\n\t\t\t\t<div class=\"elementor-element elementor-element-f1b1eac elementor-absolute elementor-widget__width-initial jltma-glass-effect-no elementor-widget elementor-widget-image\" data-id=\"f1b1eac\" data-element_type=\"widget\" data-e-type=\"widget\" data-settings=\"{&quot;_position&quot;:&quot;absolute&quot;}\" data-widget_type=\"image.default\">\n\t\t\t\t<div class=\"elementor-widget-container\">\n\t\t\t\t\t\t\t\t\t\t\t\t\t\t\t<img loading=\"lazy\" decoding=\"async\" width=\"172\" height=\"138\" src=\"https:\/\/vringenieria.com\/wp-content\/uploads\/2024\/03\/Decoracion-proyectos-integrados.webp\" class=\"attachment-1536x1536 size-1536x1536 wp-image-17189\" alt=\"\">\t\t\t\t\t\t\t\t\t\t\t\t\t\t\t<\/div>\n\t\t\t\t<\/div>\n\t\t\t\t<\/div>\n\t\t<div class=\"elementor-element elementor-element-61c527d e-con-full e-flex jltma-glass-effect-no e-con e-child\" data-id=\"61c527d\" data-element_type=\"container\" data-e-type=\"container\">\n\t\t\t\t<div class=\"elementor-element elementor-element-152ac50 e-transform jltma-glass-effect-no elementor-widget elementor-widget-heading\" data-id=\"152ac50\" data-element_type=\"widget\" data-e-type=\"widget\" data-settings=\"{&quot;_transform_scale_effect&quot;:{&quot;unit&quot;:&quot;px&quot;,&quot;size&quot;:&quot;&quot;,&quot;sizes&quot;:[]},&quot;_transform_scale_effect_tablet&quot;:{&quot;unit&quot;:&quot;px&quot;,&quot;size&quot;:&quot;&quot;,&quot;sizes&quot;:[]},&quot;_transform_scale_effect_mobile&quot;:{&quot;unit&quot;:&quot;px&quot;,&quot;size&quot;:&quot;&quot;,&quot;sizes&quot;:[]}}\" data-widget_type=\"heading.default\">\n\t\t\t\t<div class=\"elementor-widget-container\">\n\t\t\t\t\t<h1 class=\"elementor-heading-title elementor-size-large\">Integrated projects<\/h1>\t\t\t\t<\/div>\n\t\t\t\t<\/div>\n\t\t\t\t<\/div>\n\t\t\t\t<\/div>\n\t\t\t\t<div class=\"elementor-element elementor-element-224c22b jltma-glass-effect-no elementor-widget elementor-widget-text-editor\" data-id=\"224c22b\" data-element_type=\"widget\" data-e-type=\"widget\" data-widget_type=\"text-editor.default\">\n\t\t\t\t<div class=\"elementor-widget-container\">\n\t\t\t\t\t\t\t\t\t<p data-pm-slice=\"1 1 []\">When we integrate these two divisions, we bring to life complete projects that produce raw materials and essential goods for the well-being of humanity.<\/p><p>In this division, we have delivered, under a turnkey model, dozens of measurement or process equipment mounted on skids used in the Hydrocarbons Sector, complete steam generation rooms that include water treatment and environmental control systems, as well as boilers for processes and\/or cogeneration that operate with biomass.<\/p>\t\t\t\t\t\t\t\t<\/div>\n\t\t\t\t<\/div>\n\t\t<div class=\"elementor-element elementor-element-95f4964 e-con-full e-flex jltma-glass-effect-no e-con e-child\" data-id=\"95f4964\" data-element_type=\"container\" data-e-type=\"container\">\n\t\t<div class=\"elementor-element elementor-element-d9ad992 e-con-full e-flex jltma-glass-effect-no e-con e-child\" data-id=\"d9ad992\" data-element_type=\"container\" data-e-type=\"container\">\n\t\t<div class=\"elementor-element elementor-element-4320876 e-con-full elementor-hidden-tablet e-flex jltma-glass-effect-no e-con e-child\" data-id=\"4320876\" data-element_type=\"container\" data-e-type=\"container\">\n\t\t\t\t<div class=\"elementor-element elementor-element-a7fc447 elementor-cta--skin-classic elementor-animated-content elementor-bg-transform elementor-bg-transform-zoom-in jltma-glass-effect-no elementor-widget elementor-widget-call-to-action\" data-id=\"a7fc447\" data-element_type=\"widget\" data-e-type=\"widget\" data-widget_type=\"call-to-action.default\">\n\t\t\t\t<div class=\"elementor-widget-container\">\n\t\t\t\t\t\t\t<a class=\"elementor-cta\" href=\"https:\/\/vringenieria.com\/proyectos-integrados__trashed\/separadores-bifasicos-y-trifasicos\/\">\n\t\t\t\t\t<div class=\"elementor-cta__bg-wrapper\">\n\t\t\t\t<div class=\"elementor-cta__bg elementor-bg\" style=\"background-image: url(https:\/\/vringenieria.com\/wp-content\/uploads\/2022\/10\/separadores-vringenieria-01.jpg);\" role=\"img\" aria-label=\"En VR Ingenier\u00eda utilizamos las m\u00e1s modernas tecnolog\u00edas y trabajamos en equipo con nuestros clientes, para transformar sus ideas en proyectos exitosos que impulsan el desarrollo de la industria colombiana.\"><\/div>\n\t\t\t\t<div class=\"elementor-cta__bg-overlay\"><\/div>\n\t\t\t<\/div>\n\t\t\t\t\t\t\t<div class=\"elementor-cta__content\">\n\t\t\t\t\n\t\t\t\t\n\t\t\t\t\n\t\t\t\t\t\t\t\t\t<div class=\"elementor-cta__button-wrapper elementor-cta__content-item elementor-content-item \">\n\t\t\t\t\t<span class=\"elementor-cta__button elementor-button elementor-size-\">\n\t\t\t\t\t\tTwo-phase and three-phase separators\t\t\t\t\t<\/span>\n\t\t\t\t\t<\/div>\n\t\t\t\t\t\t\t<\/div>\n\t\t\t\t\t\t<\/a>\n\t\t\t\t\t\t<\/div>\n\t\t\t\t<\/div>\n\t\t\t\t<\/div>\n\t\t<div class=\"elementor-element elementor-element-4b11a55 e-con-full elementor-hidden-tablet e-flex jltma-glass-effect-no e-con e-child\" data-id=\"4b11a55\" data-element_type=\"container\" data-e-type=\"container\">\n\t\t\t\t<div class=\"elementor-element elementor-element-85a9f0d elementor-cta--skin-classic elementor-animated-content elementor-bg-transform elementor-bg-transform-zoom-in jltma-glass-effect-no elementor-widget elementor-widget-call-to-action\" data-id=\"85a9f0d\" data-element_type=\"widget\" data-e-type=\"widget\" data-widget_type=\"call-to-action.default\">\n\t\t\t\t<div class=\"elementor-widget-container\">\n\t\t\t\t\t\t\t<a class=\"elementor-cta\" href=\"https:\/\/vringenieria.com\/proyectos-integrados__trashed\/trampa-de-paso-de-raspadores\/\">\n\t\t\t\t\t<div class=\"elementor-cta__bg-wrapper\">\n\t\t\t\t<div class=\"elementor-cta__bg elementor-bg\" style=\"background-image: url(https:\/\/vringenieria.com\/wp-content\/uploads\/2022\/10\/trampa-de-paso-vringenieria-01.jpg);\" role=\"img\" aria-label=\"En VR Ingenier\u00eda utilizamos las m\u00e1s modernas tecnolog\u00edas y trabajamos en equipo con nuestros clientes, para transformar sus ideas en proyectos exitosos que impulsan el desarrollo de la industria colombiana.\"><\/div>\n\t\t\t\t<div class=\"elementor-cta__bg-overlay\"><\/div>\n\t\t\t<\/div>\n\t\t\t\t\t\t\t<div class=\"elementor-cta__content\">\n\t\t\t\t\n\t\t\t\t\n\t\t\t\t\n\t\t\t\t\t\t\t\t\t<div class=\"elementor-cta__button-wrapper elementor-cta__content-item elementor-content-item \">\n\t\t\t\t\t<span class=\"elementor-cta__button elementor-button elementor-size-\">\n\t\t\t\t\t\tScraper passage trap\t\t\t\t\t<\/span>\n\t\t\t\t\t<\/div>\n\t\t\t\t\t\t\t<\/div>\n\t\t\t\t\t\t<\/a>\n\t\t\t\t\t\t<\/div>\n\t\t\t\t<\/div>\n\t\t\t\t<\/div>\n\t\t<div class=\"elementor-element elementor-element-7f7d836 e-con-full elementor-hidden-tablet e-flex jltma-glass-effect-no e-con e-child\" data-id=\"7f7d836\" data-element_type=\"container\" data-e-type=\"container\">\n\t\t\t\t<div class=\"elementor-element elementor-element-35fe599 elementor-cta--skin-classic elementor-animated-content elementor-bg-transform elementor-bg-transform-zoom-in jltma-glass-effect-no elementor-widget elementor-widget-call-to-action\" data-id=\"35fe599\" data-element_type=\"widget\" data-e-type=\"widget\" data-widget_type=\"call-to-action.default\">\n\t\t\t\t<div class=\"elementor-widget-container\">\n\t\t\t\t\t\t\t<a class=\"elementor-cta\" href=\"https:\/\/vringenieria.com\/proyectos-integrados__trashed\/skid-de-medicion-y-proceso-de-hidrocarburos\/\">\n\t\t\t\t\t<div class=\"elementor-cta__bg-wrapper\">\n\t\t\t\t<div class=\"elementor-cta__bg elementor-bg\" style=\"background-image: url(https:\/\/vringenieria.com\/wp-content\/uploads\/2022\/10\/skid-de-medicion-vringenieria-01.jpg);\" role=\"img\" aria-label=\"En VR Ingenier\u00eda utilizamos las m\u00e1s modernas tecnolog\u00edas y trabajamos en equipo con nuestros clientes, para transformar sus ideas en proyectos exitosos que impulsan el desarrollo de la industria colombiana.\"><\/div>\n\t\t\t\t<div class=\"elementor-cta__bg-overlay\"><\/div>\n\t\t\t<\/div>\n\t\t\t\t\t\t\t<div class=\"elementor-cta__content\">\n\t\t\t\t\n\t\t\t\t\n\t\t\t\t\n\t\t\t\t\t\t\t\t\t<div class=\"elementor-cta__button-wrapper elementor-cta__content-item elementor-content-item \">\n\t\t\t\t\t<span class=\"elementor-cta__button elementor-button elementor-size-\">\n\t\t\t\t\t\tMeasurement and process skid\t\t\t\t\t<\/span>\n\t\t\t\t\t<\/div>\n\t\t\t\t\t\t\t<\/div>\n\t\t\t\t\t\t<\/a>\n\t\t\t\t\t\t<\/div>\n\t\t\t\t<\/div>\n\t\t\t\t<\/div>\n\t\t<div class=\"elementor-element elementor-element-448bfe1 e-con-full elementor-hidden-tablet e-flex jltma-glass-effect-no e-con e-child\" data-id=\"448bfe1\" data-element_type=\"container\" data-e-type=\"container\">\n\t\t\t\t<div class=\"elementor-element elementor-element-4ab8fc7 elementor-cta--skin-classic elementor-animated-content elementor-bg-transform elementor-bg-transform-zoom-in jltma-glass-effect-no elementor-widget elementor-widget-call-to-action\" data-id=\"4ab8fc7\" data-element_type=\"widget\" data-e-type=\"widget\" data-widget_type=\"call-to-action.default\">\n\t\t\t\t<div class=\"elementor-widget-container\">\n\t\t\t\t\t\t\t<a class=\"elementor-cta\" href=\"https:\/\/vringenieria.com\/en\/unidad-de-bombeo-2\/\">\n\t\t\t\t\t<div class=\"elementor-cta__bg-wrapper\">\n\t\t\t\t<div class=\"elementor-cta__bg elementor-bg\" style=\"background-image: url(https:\/\/vringenieria.com\/wp-content\/uploads\/2024\/09\/Estructura-robusta-1024x1024.jpg);\" role=\"img\" aria-label=\"Estructura-robusta\"><\/div>\n\t\t\t\t<div class=\"elementor-cta__bg-overlay\"><\/div>\n\t\t\t<\/div>\n\t\t\t\t\t\t\t<div class=\"elementor-cta__content\">\n\t\t\t\t\n\t\t\t\t\n\t\t\t\t\n\t\t\t\t\t\t\t\t\t<div class=\"elementor-cta__button-wrapper elementor-cta__content-item elementor-content-item \">\n\t\t\t\t\t<span class=\"elementor-cta__button elementor-button elementor-size-\">\n\t\t\t\t\t\tPumping Unit\t\t\t\t\t<\/span>\n\t\t\t\t\t<\/div>\n\t\t\t\t\t\t\t<\/div>\n\t\t\t\t\t\t<\/a>\n\t\t\t\t\t\t<\/div>\n\t\t\t\t<\/div>\n\t\t\t\t<\/div>\n\t\t<div class=\"elementor-element elementor-element-f26844e e-con-full elementor-hidden-tablet e-flex jltma-glass-effect-no e-con e-child\" data-id=\"f26844e\" data-element_type=\"container\" data-e-type=\"container\">\n\t\t\t\t<div class=\"elementor-element elementor-element-2ee5c17 elementor-cta--skin-classic elementor-animated-content elementor-bg-transform elementor-bg-transform-zoom-in jltma-glass-effect-no elementor-widget elementor-widget-call-to-action\" data-id=\"2ee5c17\" data-element_type=\"widget\" data-e-type=\"widget\" data-widget_type=\"call-to-action.default\">\n\t\t\t\t<div class=\"elementor-widget-container\">\n\t\t\t\t\t\t\t<div class=\"elementor-cta\">\n\t\t\t\t\t<div class=\"elementor-cta__bg-wrapper\">\n\t\t\t\t<div class=\"elementor-cta__bg elementor-bg\" style=\"background-image: url(https:\/\/vringenieria.com\/wp-content\/uploads\/2022\/10\/sistemas-de-generacion-de-vapor-vringenieria-01.jpg);\" role=\"img\" aria-label=\"En VR Ingenier\u00eda utilizamos las m\u00e1s modernas tecnolog\u00edas y trabajamos en equipo con nuestros clientes, para transformar sus ideas en proyectos exitosos que impulsan el desarrollo de la industria colombiana.\"><\/div>\n\t\t\t\t<div class=\"elementor-cta__bg-overlay\"><\/div>\n\t\t\t<\/div>\n\t\t\t\t\t\t\t<div class=\"elementor-cta__content\">\n\t\t\t\t\n\t\t\t\t\n\t\t\t\t\n\t\t\t\t\t\t\t\t\t<div class=\"elementor-cta__button-wrapper elementor-cta__content-item elementor-content-item \">\n\t\t\t\t\t<a class=\"elementor-cta__button elementor-button elementor-size-\" href=\"https:\/\/vringenieria.com\/en\/integrated-projects-2\/steam-generation-systems\/\">\n\t\t\t\t\t\tSteam Generation Systems  \t\t\t\t\t<\/a>\n\t\t\t\t\t<\/div>\n\t\t\t\t\t\t\t<\/div>\n\t\t\t\t\t\t<\/div>\n\t\t\t\t\t\t<\/div>\n\t\t\t\t<\/div>\n\t\t\t\t<\/div>\n\t\t<div class=\"elementor-element elementor-element-98dd698 e-con-full e-flex jltma-glass-effect-no e-con e-child\" data-id=\"98dd698\" data-element_type=\"container\" data-e-type=\"container\">\n\t\t\t\t<div class=\"elementor-element elementor-element-2f2ad44 elementor-cta--skin-classic elementor-animated-content elementor-bg-transform elementor-bg-transform-zoom-in jltma-glass-effect-no elementor-widget elementor-widget-call-to-action\" data-id=\"2f2ad44\" data-element_type=\"widget\" data-e-type=\"widget\" data-widget_type=\"call-to-action.default\">\n\t\t\t\t<div class=\"elementor-widget-container\">\n\t\t\t\t\t\t\t<a class=\"elementor-cta\" href=\"https:\/\/vringenieria.com\/proyectos-integrados__trashed\/sistemas-de-calentamiento-de-aceite-termico\/\">\n\t\t\t\t\t<div class=\"elementor-cta__bg-wrapper\">\n\t\t\t\t<div class=\"elementor-cta__bg elementor-bg\" style=\"background-image: url(https:\/\/vringenieria.com\/wp-content\/uploads\/2024\/02\/Calentadores-de-aceite-termico-VRingenieria-008-1-768x1024.jpg);\" role=\"img\" aria-label=\"Calentadores-de-aceite-termico-VRingenieria-008\"><\/div>\n\t\t\t\t<div class=\"elementor-cta__bg-overlay\"><\/div>\n\t\t\t<\/div>\n\t\t\t\t\t\t\t<div class=\"elementor-cta__content\">\n\t\t\t\t\n\t\t\t\t\n\t\t\t\t\n\t\t\t\t\t\t\t\t\t<div class=\"elementor-cta__button-wrapper elementor-cta__content-item elementor-content-item \">\n\t\t\t\t\t<span class=\"elementor-cta__button elementor-button elementor-size-\">\n\t\t\t\t\t\tThermal oil heating systems\t\t\t\t\t<\/span>\n\t\t\t\t\t<\/div>\n\t\t\t\t\t\t\t<\/div>\n\t\t\t\t\t\t<\/a>\n\t\t\t\t\t\t<\/div>\n\t\t\t\t<\/div>\n\t\t\t\t<\/div>\n\t\t\t\t<\/div>\n\t\t\t\t<\/div>\n\t\t\t\t<\/div>\n\t\t\t\t<\/div>\n\t\t<div class=\"elementor-element elementor-element-5078ede e-flex e-con-boxed jltma-glass-effect-no e-con e-parent\" data-id=\"5078ede\" data-element_type=\"container\" data-e-type=\"container\">\n\t\t\t\t\t<div class=\"e-con-inner\">\n\t\t\t\t\t<\/div>\n\t\t\t\t<\/div>\n\t\t\t\t<\/div>\n\t\t","protected":false},"excerpt":{"rendered":"<p>Our Products Metalworking Division Electrical Automation Division Integrates Projects Integrated projects When we integrate these two divisions, we bring to life complete projects that produce raw materials and essential goods for the well-being of humanity. In this division, we have delivered, under a turnkey model, dozens of measurement or process equipment mounted on skids used [&hellip;]<\/p>\n","protected":false},"author":4,"featured_media":0,"parent":0,"menu_order":0,"comment_status":"closed","ping_status":"closed","template":"","meta":{"footnotes":""},"class_list":["post-24052","page","type-page","status-publish","hentry"],"_links":{"self":[{"href":"https:\/\/vringenieria.com\/en\/wp-json\/wp\/v2\/pages\/24052","targetHints":{"allow":["GET"]}}],"collection":[{"href":"https:\/\/vringenieria.com\/en\/wp-json\/wp\/v2\/pages"}],"about":[{"href":"https:\/\/vringenieria.com\/en\/wp-json\/wp\/v2\/types\/page"}],"author":[{"embeddable":true,"href":"https:\/\/vringenieria.com\/en\/wp-json\/wp\/v2\/users\/4"}],"replies":[{"embeddable":true,"href":"https:\/\/vringenieria.com\/en\/wp-json\/wp\/v2\/comments?post=24052"}],"version-history":[{"count":45,"href":"https:\/\/vringenieria.com\/en\/wp-json\/wp\/v2\/pages\/24052\/revisions"}],"predecessor-version":[{"id":28887,"href":"https:\/\/vringenieria.com\/en\/wp-json\/wp\/v2\/pages\/24052\/revisions\/28887"}],"wp:attachment":[{"href":"https:\/\/vringenieria.com\/en\/wp-json\/wp\/v2\/media?parent=24052"}],"curies":[{"name":"wp","href":"https:\/\/api.w.org\/{rel}","templated":true}]}}